{"id":296,"date":"2024-07-02T00:44:27","date_gmt":"2024-07-02T00:44:27","guid":{"rendered":"http:\/\/remanus.com.br\/?page_id=296"},"modified":"2024-07-11T18:27:52","modified_gmt":"2024-07-11T18:27:52","slug":"garantias","status":"publish","type":"page","link":"http:\/\/remanus.com.br\/index.php\/garantias\/","title":{"rendered":"Garantias"},"content":{"rendered":"\t\t<div data-elementor-type=\"wp-page\" data-elementor-id=\"296\" class=\"elementor elementor-296\" data-elementor-post-type=\"page\">\n\t\t\t\t<div class=\"elementor-element elementor-element-7cddae8 e-con-full e-flex e-con e-parent\" data-id=\"7cddae8\" data-element_type=\"container\" data-settings=\"{&quot;background_background&quot;:&quot;classic&quot;}\">\n\t\t<div class=\"elementor-element elementor-element-e91b024 e-con-full e-flex e-con e-child\" data-id=\"e91b024\" data-element_type=\"container\">\n\t\t\t\t<div class=\"elementor-element elementor-element-f373a74 premium-title-gradient-yes premium-title-flex-start premium-title-color elementor-widget elementor-widget-premium-addon-title\" data-id=\"f373a74\" data-element_type=\"widget\" data-widget_type=\"premium-addon-title.default\">\n\t\t\t\t<div class=\"elementor-widget-container\">\n\t\t\t\t\t\r\n\t\t<div class=\"premium-title-container style3\">\r\n\t\t\t<h2 class=\"premium-title-header premium-title-style3\">\r\n\t\t\t\t\r\n\t\t\t\t\r\n\t\t\t\t\t\t\t\t\t\t\t\t<span class=\"premium-title-text\" >\r\n\t\t\t\t\tgarantias\t\t\t\t<\/span>\r\n\t\t\t\t\t\r\n\t\t\t\t\t\t\t\t\t\t\t<\/h2>\r\n\t\t<\/div>\r\n\r\n\t\t\t\t\t\t<\/div>\n\t\t\t\t<\/div>\n\t\t\t\t<div class=\"elementor-element elementor-element-2eb3691 elementor-widget elementor-widget-heading\" data-id=\"2eb3691\" data-element_type=\"widget\" data-widget_type=\"heading.default\">\n\t\t\t\t<div class=\"elementor-widget-container\">\n\t\t\t\t\t<h2 class=\"elementor-heading-title elementor-size-default\">Compromisso com a Qualidade e a Satisfa\u00e7\u00e3o do Cliente<\/h2>\t\t\t\t<\/div>\n\t\t\t\t<\/div>\n\t\t\t\t<div class=\"elementor-element elementor-element-4d98482 elementor-widget elementor-widget-text-editor\" data-id=\"4d98482\" data-element_type=\"widget\" data-widget_type=\"text-editor.default\">\n\t\t\t\t<div class=\"elementor-widget-container\">\n\t\t\t\t\t\t\t\t\t<p>Na Remanu&#8217;s, estamos comprometidos em oferecer produtos e servi\u00e7os de alta qualidade que atendam e superem as expectativas dos nossos clientes. Para assegurar sua confian\u00e7a e tranquilidade, oferecemos garantias abrangentes em nossos produtos e servi\u00e7os.<\/p>\t\t\t\t\t\t\t\t<\/div>\n\t\t\t\t<\/div>\n\t\t\t\t<\/div>\n\t\t\t\t<\/div>\n\t\t<div class=\"elementor-element elementor-element-f926ff7 e-con-full e-flex e-con e-parent\" data-id=\"f926ff7\" data-element_type=\"container\" data-settings=\"{&quot;background_background&quot;:&quot;classic&quot;}\">\n\t\t<div class=\"elementor-element elementor-element-eec5be1 e-con-full e-flex e-con e-child\" data-id=\"eec5be1\" data-element_type=\"container\">\n\t\t\t\t<div class=\"elementor-element elementor-element-22c626f elementor-widget elementor-widget-heading\" data-id=\"22c626f\" data-element_type=\"widget\" data-widget_type=\"heading.default\">\n\t\t\t\t<div class=\"elementor-widget-container\">\n\t\t\t\t\t<h2 class=\"elementor-heading-title elementor-size-default\">1. Garantia de Produtos Compat\u00edveis:<\/h2>\t\t\t\t<\/div>\n\t\t\t\t<\/div>\n\t\t\t\t<div class=\"elementor-element elementor-element-bf836b4 elementor-widget elementor-widget-text-editor\" data-id=\"bf836b4\" data-element_type=\"widget\" data-widget_type=\"text-editor.default\">\n\t\t\t\t<div class=\"elementor-widget-container\">\n\t\t\t\t\t\t\t\t\t<p>Todos os nossos cartuchos e refis de tinta compat\u00edveis s\u00e3o 100% novos e passam por rigorosos testes de qualidade. Oferecemos uma garantia 90 dias \u00a0contra defeitos de fabrica\u00e7\u00e3o, garantindo que voc\u00ea receba um produto confi\u00e1vel e de alta performance.<\/p>\t\t\t\t\t\t\t\t<\/div>\n\t\t\t\t<\/div>\n\t\t\t\t<div class=\"elementor-element elementor-element-dd666d1 elementor-widget elementor-widget-heading\" data-id=\"dd666d1\" data-element_type=\"widget\" data-widget_type=\"heading.default\">\n\t\t\t\t<div class=\"elementor-widget-container\">\n\t\t\t\t\t<h2 class=\"elementor-heading-title elementor-size-default\">2. Garantia de Servi\u00e7os de Manuten\u00e7\u00e3o:<\/h2>\t\t\t\t<\/div>\n\t\t\t\t<\/div>\n\t\t\t\t<div class=\"elementor-element elementor-element-385b4c0 elementor-widget elementor-widget-text-editor\" data-id=\"385b4c0\" data-element_type=\"widget\" data-widget_type=\"text-editor.default\">\n\t\t\t\t<div class=\"elementor-widget-container\">\n\t\t\t\t\t\t\t\t\t<p>Nossos servi\u00e7os de manuten\u00e7\u00e3o s\u00e3o realizados por t\u00e9cnicos qualificados e experientes. Garantimos a qualidade do servi\u00e7o prestado e o uso de pe\u00e7as de reposi\u00e7\u00e3o de alta qualidade. Caso voc\u00ea enfrente qualquer problema decorrente do servi\u00e7o realizado, providenciaremos os reparos necess\u00e1rios sem custo adicional durante o per\u00edodo da garantia, que \u00e9 de 90 dias.<\/p>\t\t\t\t\t\t\t\t<\/div>\n\t\t\t\t<\/div>\n\t\t\t\t<div class=\"elementor-element elementor-element-ddc0a5d elementor-widget elementor-widget-heading\" data-id=\"ddc0a5d\" data-element_type=\"widget\" data-widget_type=\"heading.default\">\n\t\t\t\t<div class=\"elementor-widget-container\">\n\t\t\t\t\t<h2 class=\"elementor-heading-title elementor-size-default\">3. Garantia de Loca\u00e7\u00e3o de Impressoras: <\/h2>\t\t\t\t<\/div>\n\t\t\t\t<\/div>\n\t\t\t\t<div class=\"elementor-element elementor-element-9028e37 elementor-widget elementor-widget-text-editor\" data-id=\"9028e37\" data-element_type=\"widget\" data-widget_type=\"text-editor.default\">\n\t\t\t\t<div class=\"elementor-widget-container\">\n\t\t\t\t\t\t\t\t\t<p>Ao optar pela loca\u00e7\u00e3o de impressoras com a Remanu&#8217;s, voc\u00ea tem a garantia de receber equipamentos modernos e em perfeito estado de funcionamento. Inclu\u00edmos suporte t\u00e9cnico cont\u00ednuo e manuten\u00e7\u00e3o preventiva, assegurando que sua impressora opere sem problemas. Qualquer falha t\u00e9cnica ser\u00e1 resolvida rapidamente por nossa equipe, sem custos adicionais para voc\u00ea.<\/p>\t\t\t\t\t\t\t\t<\/div>\n\t\t\t\t<\/div>\n\t\t\t\t<div class=\"elementor-element elementor-element-0290c67 elementor-widget elementor-widget-heading\" data-id=\"0290c67\" data-element_type=\"widget\" data-widget_type=\"heading.default\">\n\t\t\t\t<div class=\"elementor-widget-container\">\n\t\t\t\t\t<h2 class=\"elementor-heading-title elementor-size-default\">4. Garantia de Satisfa\u00e7\u00e3o: <\/h2>\t\t\t\t<\/div>\n\t\t\t\t<\/div>\n\t\t\t\t<div class=\"elementor-element elementor-element-7acdf47 elementor-widget elementor-widget-text-editor\" data-id=\"7acdf47\" data-element_type=\"widget\" data-widget_type=\"text-editor.default\">\n\t\t\t\t<div class=\"elementor-widget-container\">\n\t\t\t\t\t\t\t\t\t<p>Nosso compromisso \u00e9 com a sua satisfa\u00e7\u00e3o total. Se por qualquer motivo voc\u00ea n\u00e3o estiver satisfeito com um produto ou servi\u00e7o adquirido na Remanu&#8217;s, entre em contato conosco. Nossa equipe estar\u00e1 pronta para resolver a situa\u00e7\u00e3o, seja por meio de substitui\u00e7\u00e3o, reparo ou reembolso, conforme aplic\u00e1vel.<\/p>\t\t\t\t\t\t\t\t<\/div>\n\t\t\t\t<\/div>\n\t\t\t\t<div class=\"elementor-element elementor-element-e89f780 elementor-widget elementor-widget-heading\" data-id=\"e89f780\" data-element_type=\"widget\" data-widget_type=\"heading.default\">\n\t\t\t\t<div class=\"elementor-widget-container\">\n\t\t\t\t\t<h2 class=\"elementor-heading-title elementor-size-default\">Como Acionar a Garantia: <\/h2>\t\t\t\t<\/div>\n\t\t\t\t<\/div>\n\t\t\t\t<div class=\"elementor-element elementor-element-5c44307 elementor-widget elementor-widget-text-editor\" data-id=\"5c44307\" data-element_type=\"widget\" data-widget_type=\"text-editor.default\">\n\t\t\t\t<div class=\"elementor-widget-container\">\n\t\t\t\t\t\t\t\t\t<p>Para acionar a garantia de um produto ou servi\u00e7o, basta entrar em contato com nosso atendimento ao cliente. Tenha em m\u00e3os a nota fiscal ,ordem de servi\u00e7o e uma descri\u00e7\u00e3o detalhada do problema encontrado. Nossa equipe analisar\u00e1 a situa\u00e7\u00e3o e fornecer\u00e1 as orienta\u00e7\u00f5es necess\u00e1rias para a resolu\u00e7\u00e3o do problema.<\/p>\t\t\t\t\t\t\t\t<\/div>\n\t\t\t\t<\/div>\n\t\t\t\t<div class=\"elementor-element elementor-element-077fa1b elementor-widget-divider--view-line elementor-widget elementor-widget-divider\" data-id=\"077fa1b\" data-element_type=\"widget\" data-widget_type=\"divider.default\">\n\t\t\t\t<div class=\"elementor-widget-container\">\n\t\t\t\t\t\t\t<div class=\"elementor-divider\">\n\t\t\t<span class=\"elementor-divider-separator\">\n\t\t\t\t\t\t<\/span>\n\t\t<\/div>\n\t\t\t\t\t\t<\/div>\n\t\t\t\t<\/div>\n\t\t\t\t<div class=\"elementor-element elementor-element-db53095 elementor-widget elementor-widget-heading\" data-id=\"db53095\" data-element_type=\"widget\" data-widget_type=\"heading.default\">\n\t\t\t\t<div class=\"elementor-widget-container\">\n\t\t\t\t\t<h2 class=\"elementor-heading-title elementor-size-default\">Lembre-se: <\/h2>\t\t\t\t<\/div>\n\t\t\t\t<\/div>\n\t\t\t\t<div class=\"elementor-element elementor-element-3fa960b elementor-widget elementor-widget-text-editor\" data-id=\"3fa960b\" data-element_type=\"widget\" data-widget_type=\"text-editor.default\">\n\t\t\t\t<div class=\"elementor-widget-container\">\n\t\t\t\t\t\t\t\t\t<p>A garantia \u00e9 um compromisso da Remanu&#8217;s com a qualidade e a sua satisfa\u00e7\u00e3o. Conte conosco para garantir que seus produtos e servi\u00e7os atendam aos mais altos padr\u00f5es de desempenho e confiabilidade.<\/p>\t\t\t\t\t\t\t\t<\/div>\n\t\t\t\t<\/div>\n\t\t\t\t<\/div>\n\t\t<div class=\"elementor-element elementor-element-95d72f0 e-con-full e-flex e-con e-child\" data-id=\"95d72f0\" data-element_type=\"container\">\n\t\t\t\t<\/div>\n\t\t\t\t<\/div>\n\t\t\t\t<\/div>\n\t\t","protected":false},"excerpt":{"rendered":"<p>garantias Compromisso com a Qualidade e a Satisfa\u00e7\u00e3o do Cliente Na Remanu&#8217;s, estamos comprometidos em oferecer produtos e servi\u00e7os de alta qualidade que atendam e superem as expectativas dos nossos clientes. Para assegurar sua confian\u00e7a e tranquilidade, oferecemos garantias abrangentes em nossos produtos e servi\u00e7os. 1. Garantia de Produtos Compat\u00edveis: Todos os nossos cartuchos e [&hellip;]<\/p>\n","protected":false},"author":1,"featured_media":0,"parent":0,"menu_order":0,"comment_status":"closed","ping_status":"closed","template":"elementor_canvas","meta":{"footnotes":""},"class_list":["post-296","page","type-page","status-publish","hentry"],"_links":{"self":[{"href":"http:\/\/remanus.com.br\/index.php\/wp-json\/wp\/v2\/pages\/296","targetHints":{"allow":["GET"]}}],"collection":[{"href":"http:\/\/remanus.com.br\/index.php\/wp-json\/wp\/v2\/pages"}],"about":[{"href":"http:\/\/remanus.com.br\/index.php\/wp-json\/wp\/v2\/types\/page"}],"author":[{"embeddable":true,"href":"http:\/\/remanus.com.br\/index.php\/wp-json\/wp\/v2\/users\/1"}],"replies":[{"embeddable":true,"href":"http:\/\/remanus.com.br\/index.php\/wp-json\/wp\/v2\/comments?post=296"}],"version-history":[{"count":13,"href":"http:\/\/remanus.com.br\/index.php\/wp-json\/wp\/v2\/pages\/296\/revisions"}],"predecessor-version":[{"id":542,"href":"http:\/\/remanus.com.br\/index.php\/wp-json\/wp\/v2\/pages\/296\/revisions\/542"}],"wp:attachment":[{"href":"http:\/\/remanus.com.br\/index.php\/wp-json\/wp\/v2\/media?parent=296"}],"curies":[{"name":"wp","href":"https:\/\/api.w.org\/{rel}","templated":true}]}}