{"id":314,"date":"2024-07-02T02:57:04","date_gmt":"2024-07-02T02:57:04","guid":{"rendered":"http:\/\/remanus.com.br\/?page_id=314"},"modified":"2024-07-11T18:29:42","modified_gmt":"2024-07-11T18:29:42","slug":"faq","status":"publish","type":"page","link":"http:\/\/remanus.com.br\/index.php\/faq\/","title":{"rendered":"FAQ"},"content":{"rendered":"\t\t<div data-elementor-type=\"wp-page\" data-elementor-id=\"314\" class=\"elementor elementor-314\" data-elementor-post-type=\"page\">\n\t\t\t\t<div class=\"elementor-element elementor-element-7cddae8 e-con-full e-flex e-con e-parent\" data-id=\"7cddae8\" data-element_type=\"container\" data-settings=\"{&quot;background_background&quot;:&quot;classic&quot;}\">\n\t\t<div class=\"elementor-element elementor-element-e91b024 e-con-full e-flex e-con e-child\" data-id=\"e91b024\" data-element_type=\"container\">\n\t\t\t\t<div class=\"elementor-element elementor-element-f373a74 premium-title-gradient-yes premium-title-flex-start premium-title-color elementor-widget elementor-widget-premium-addon-title\" data-id=\"f373a74\" data-element_type=\"widget\" data-widget_type=\"premium-addon-title.default\">\n\t\t\t\t<div class=\"elementor-widget-container\">\n\t\t\t\t\t\r\n\t\t<div class=\"premium-title-container style3\">\r\n\t\t\t<h2 class=\"premium-title-header premium-title-style3\">\r\n\t\t\t\t\r\n\t\t\t\t\r\n\t\t\t\t\t\t\t\t\t\t\t\t<span class=\"premium-title-text\" >\r\n\t\t\t\t\tfaq - perguntas frequentes\t\t\t\t<\/span>\r\n\t\t\t\t\t\r\n\t\t\t\t\t\t\t\t\t\t\t<\/h2>\r\n\t\t<\/div>\r\n\r\n\t\t\t\t\t\t<\/div>\n\t\t\t\t<\/div>\n\t\t\t\t<div class=\"elementor-element elementor-element-2eb3691 elementor-widget elementor-widget-heading\" data-id=\"2eb3691\" data-element_type=\"widget\" data-widget_type=\"heading.default\">\n\t\t\t\t<div class=\"elementor-widget-container\">\n\t\t\t\t\t<h2 class=\"elementor-heading-title elementor-size-default\">Manuten\u00e7\u00e3o de Impressoras<\/h2>\t\t\t\t<\/div>\n\t\t\t\t<\/div>\n\t\t\t\t<div class=\"elementor-element elementor-element-98e4ba9 elementor-widget elementor-widget-heading\" data-id=\"98e4ba9\" data-element_type=\"widget\" data-widget_type=\"heading.default\">\n\t\t\t\t<div class=\"elementor-widget-container\">\n\t\t\t\t\t<h2 class=\"elementor-heading-title elementor-size-default\">1. Por que devo realizar a manuten\u00e7\u00e3o preventiva da minha impressora?<\/h2>\t\t\t\t<\/div>\n\t\t\t\t<\/div>\n\t\t\t\t<div class=\"elementor-element elementor-element-4d98482 elementor-widget elementor-widget-text-editor\" data-id=\"4d98482\" data-element_type=\"widget\" data-widget_type=\"text-editor.default\">\n\t\t\t\t<div class=\"elementor-widget-container\">\n\t\t\t\t\t\t\t\t\t<p><span lang=\"PT-BR\">A manuten\u00e7\u00e3o preventiva \u00e9 crucial para prolongar a vida \u00fatil da sua impressora, evitar falhas inesperadas e garantir a qualidade das impress\u00f5es. Ela inclui a revis\u00e3o, limpeza, lubrifica\u00e7\u00e3o e ajustes mec\u00e2nicos, prevenindo problemas que poderiam causar interrup\u00e7\u00f5es e custos elevados com reparos emergenciais.<\/span><\/p>\t\t\t\t\t\t\t\t<\/div>\n\t\t\t\t<\/div>\n\t\t\t\t<div class=\"elementor-element elementor-element-22c626f elementor-widget elementor-widget-heading\" data-id=\"22c626f\" data-element_type=\"widget\" data-widget_type=\"heading.default\">\n\t\t\t\t<div class=\"elementor-widget-container\">\n\t\t\t\t\t<h2 class=\"elementor-heading-title elementor-size-default\">2. Com que frequ\u00eancia devo realizar a manuten\u00e7\u00e3o da minha impressora?<\/h2>\t\t\t\t<\/div>\n\t\t\t\t<\/div>\n\t\t\t\t<div class=\"elementor-element elementor-element-bf836b4 elementor-widget elementor-widget-text-editor\" data-id=\"bf836b4\" data-element_type=\"widget\" data-widget_type=\"text-editor.default\">\n\t\t\t\t<div class=\"elementor-widget-container\">\n\t\t\t\t\t\t\t\t\t<p>Recomendamos realizar a manuten\u00e7\u00e3o preventiva pelo menos uma vez a cada seis meses. No entanto, a frequ\u00eancia pode variar dependendo do volume de uso e das condi\u00e7\u00f5es ambientais em que a impressora opera.<\/p>\t\t\t\t\t\t\t\t<\/div>\n\t\t\t\t<\/div>\n\t\t\t\t<div class=\"elementor-element elementor-element-dd666d1 elementor-widget elementor-widget-heading\" data-id=\"dd666d1\" data-element_type=\"widget\" data-widget_type=\"heading.default\">\n\t\t\t\t<div class=\"elementor-widget-container\">\n\t\t\t\t\t<h2 class=\"elementor-heading-title elementor-size-default\">3. O que est\u00e1 inclu\u00eddo no servi\u00e7o de manuten\u00e7\u00e3o de impressoras jato de tinta? <\/h2>\t\t\t\t<\/div>\n\t\t\t\t<\/div>\n\t\t\t\t<div class=\"elementor-element elementor-element-385b4c0 elementor-widget elementor-widget-text-editor\" data-id=\"385b4c0\" data-element_type=\"widget\" data-widget_type=\"text-editor.default\">\n\t\t\t\t<div class=\"elementor-widget-container\">\n\t\t\t\t\t\t\t\t\t<p><span lang=\"PT-BR\">Nosso servi\u00e7o de manuten\u00e7\u00e3o de impressoras jato de tinta inclui revis\u00e3o completa, limpeza e lubrifica\u00e7\u00e3o das partes mec\u00e2nicas, regulagem, verifica\u00e7\u00e3o e substitui\u00e7\u00e3o de cartuchos, e procedimentos preventivos para evitar entupimentos dos cabe\u00e7otes de impress\u00e3o.<\/span><\/p>\t\t\t\t\t\t\t\t<\/div>\n\t\t\t\t<\/div>\n\t\t\t\t<div class=\"elementor-element elementor-element-6484e83 elementor-widget elementor-widget-heading\" data-id=\"6484e83\" data-element_type=\"widget\" data-widget_type=\"heading.default\">\n\t\t\t\t<div class=\"elementor-widget-container\">\n\t\t\t\t\t<h2 class=\"elementor-heading-title elementor-size-default\">loca\u00e7\u00e3o de impressoras<\/h2>\t\t\t\t<\/div>\n\t\t\t\t<\/div>\n\t\t\t\t<div class=\"elementor-element elementor-element-ddc0a5d elementor-widget elementor-widget-heading\" data-id=\"ddc0a5d\" data-element_type=\"widget\" data-widget_type=\"heading.default\">\n\t\t\t\t<div class=\"elementor-widget-container\">\n\t\t\t\t\t<h2 class=\"elementor-heading-title elementor-size-default\">1. Quais s\u00e3o os benef\u00edcios de alugar uma impressora em vez de comprar?<\/h2>\t\t\t\t<\/div>\n\t\t\t\t<\/div>\n\t\t\t\t<div class=\"elementor-element elementor-element-9028e37 elementor-widget elementor-widget-text-editor\" data-id=\"9028e37\" data-element_type=\"widget\" data-widget_type=\"text-editor.default\">\n\t\t\t\t<div class=\"elementor-widget-container\">\n\t\t\t\t\t\t\t\t\t<p>A loca\u00e7\u00e3o de impressoras permite que voc\u00ea acesse equipamentos modernos e atualizados sem os altos custos de compra. Al\u00e9m disso, inclu\u00edmos suporte t\u00e9cnico e manuten\u00e7\u00e3o cont\u00ednua, garantindo que sua impressora esteja sempre funcionando de maneira eficiente. Isso ajuda a reduzir os custos operacionais e evita paradas inesperadas.<\/p>\t\t\t\t\t\t\t\t<\/div>\n\t\t\t\t<\/div>\n\t\t\t\t<div class=\"elementor-element elementor-element-0290c67 elementor-widget elementor-widget-heading\" data-id=\"0290c67\" data-element_type=\"widget\" data-widget_type=\"heading.default\">\n\t\t\t\t<div class=\"elementor-widget-container\">\n\t\t\t\t\t<h2 class=\"elementor-heading-title elementor-size-default\">2. O que est\u00e1 inclu\u00eddo no servi\u00e7o de loca\u00e7\u00e3o de impressoras da Remanu's?<\/h2>\t\t\t\t<\/div>\n\t\t\t\t<\/div>\n\t\t\t\t<div class=\"elementor-element elementor-element-7acdf47 elementor-widget elementor-widget-text-editor\" data-id=\"7acdf47\" data-element_type=\"widget\" data-widget_type=\"text-editor.default\">\n\t\t\t\t<div class=\"elementor-widget-container\">\n\t\t\t\t\t\t\t\t\t<p>Nosso servi\u00e7o de loca\u00e7\u00e3o inclui a entrega e instala\u00e7\u00e3o do equipamento, suporte t\u00e9cnico especializado, manuten\u00e7\u00e3o regular e fornecimento de suprimentos. Tudo para garantir que voc\u00ea tenha uma experi\u00eancia tranquila e sem preocupa\u00e7\u00f5es.<\/p>\t\t\t\t\t\t\t\t<\/div>\n\t\t\t\t<\/div>\n\t\t\t\t<div class=\"elementor-element elementor-element-e89f780 elementor-widget elementor-widget-heading\" data-id=\"e89f780\" data-element_type=\"widget\" data-widget_type=\"heading.default\">\n\t\t\t\t<div class=\"elementor-widget-container\">\n\t\t\t\t\t<h2 class=\"elementor-heading-title elementor-size-default\">3. Posso escolher o modelo de impressora que quero alugar?<\/h2>\t\t\t\t<\/div>\n\t\t\t\t<\/div>\n\t\t\t\t<div class=\"elementor-element elementor-element-5c44307 elementor-widget elementor-widget-text-editor\" data-id=\"5c44307\" data-element_type=\"widget\" data-widget_type=\"text-editor.default\">\n\t\t\t\t<div class=\"elementor-widget-container\">\n\t\t\t\t\t\t\t\t\t<p><span lang=\"PT-BR\">Sim, oferecemos uma variedade de modelos de impressoras para atender \u00e0s necessidades espec\u00edficas do seu neg\u00f3cio. Nossa equipe ajudar\u00e1 voc\u00ea a escolher o modelo que melhor se adapta \u00e0s suas necessidades.<\/span><\/p>\t\t\t\t\t\t\t\t<\/div>\n\t\t\t\t<\/div>\n\t\t\t\t<div class=\"elementor-element elementor-element-4bfe557 elementor-widget elementor-widget-heading\" data-id=\"4bfe557\" data-element_type=\"widget\" data-widget_type=\"heading.default\">\n\t\t\t\t<div class=\"elementor-widget-container\">\n\t\t\t\t\t<h2 class=\"elementor-heading-title elementor-size-default\">Venda de Cartuchos e Refil de Tintas<\/h2>\t\t\t\t<\/div>\n\t\t\t\t<\/div>\n\t\t\t\t<div class=\"elementor-element elementor-element-c54cf78 elementor-widget elementor-widget-heading\" data-id=\"c54cf78\" data-element_type=\"widget\" data-widget_type=\"heading.default\">\n\t\t\t\t<div class=\"elementor-widget-container\">\n\t\t\t\t\t<h2 class=\"elementor-heading-title elementor-size-default\">1. Qual a diferen\u00e7a entre cartuchos originais e cartuchos compat\u00edveis? <\/h2>\t\t\t\t<\/div>\n\t\t\t\t<\/div>\n\t\t\t\t<div class=\"elementor-element elementor-element-c21cff6 elementor-widget elementor-widget-text-editor\" data-id=\"c21cff6\" data-element_type=\"widget\" data-widget_type=\"text-editor.default\">\n\t\t\t\t<div class=\"elementor-widget-container\">\n\t\t\t\t\t\t\t\t\t<p>Cartuchos originais s\u00e3o fabricados pelo mesmo fabricante da impressora, enquanto cartuchos compat\u00edveis s\u00e3o produzidos por terceiros. Na Remanu&#8217;s, oferecemos cartuchos compat\u00edveis novos de alta qualidade, que oferecem a mesma qualidade de impress\u00e3o e rendimento dos originais, a um custo menor.<\/p>\t\t\t\t\t\t\t\t<\/div>\n\t\t\t\t<\/div>\n\t\t\t\t<div class=\"elementor-element elementor-element-b766204 elementor-widget elementor-widget-heading\" data-id=\"b766204\" data-element_type=\"widget\" data-widget_type=\"heading.default\">\n\t\t\t\t<div class=\"elementor-widget-container\">\n\t\t\t\t\t<h2 class=\"elementor-heading-title elementor-size-default\">2. Como posso saber qual cartucho \u00e9 compat\u00edvel com minha impressora? <\/h2>\t\t\t\t<\/div>\n\t\t\t\t<\/div>\n\t\t\t\t<div class=\"elementor-element elementor-element-c559c55 elementor-widget elementor-widget-text-editor\" data-id=\"c559c55\" data-element_type=\"widget\" data-widget_type=\"text-editor.default\">\n\t\t\t\t<div class=\"elementor-widget-container\">\n\t\t\t\t\t\t\t\t\t<p>Para encontrar o cartucho correto, consulte o modelo espec\u00edfico da sua impressora e entre em contato conosco. Nossa equipe est\u00e1 pronta para ajudar voc\u00ea a escolher o cartucho adequado para seu equipamento.<\/p>\t\t\t\t\t\t\t\t<\/div>\n\t\t\t\t<\/div>\n\t\t\t\t<div class=\"elementor-element elementor-element-141120e elementor-widget elementor-widget-heading\" data-id=\"141120e\" data-element_type=\"widget\" data-widget_type=\"heading.default\">\n\t\t\t\t<div class=\"elementor-widget-container\">\n\t\t\t\t\t<h2 class=\"elementor-heading-title elementor-size-default\">3. Por que devo evitar cartuchos piratas ou falsificados? <\/h2>\t\t\t\t<\/div>\n\t\t\t\t<\/div>\n\t\t\t\t<div class=\"elementor-element elementor-element-29badf2 elementor-widget elementor-widget-text-editor\" data-id=\"29badf2\" data-element_type=\"widget\" data-widget_type=\"text-editor.default\">\n\t\t\t\t<div class=\"elementor-widget-container\">\n\t\t\t\t\t\t\t\t\t<p><span lang=\"PT-BR\">Cartuchos piratas ou falsificados podem causar danos \u00e0 sua impressora, resultar em impress\u00f5es de baixa qualidade. Nossos cartuchos compat\u00edveis s\u00e3o 100% novos e garantidos, oferecendo seguran\u00e7a e confiabilidade.<\/span><\/p>\t\t\t\t\t\t\t\t<\/div>\n\t\t\t\t<\/div>\n\t\t\t\t<div class=\"elementor-element elementor-element-450818c elementor-widget elementor-widget-heading\" data-id=\"450818c\" data-element_type=\"widget\" data-widget_type=\"heading.default\">\n\t\t\t\t<div class=\"elementor-widget-container\">\n\t\t\t\t\t<h2 class=\"elementor-heading-title elementor-size-default\">4. Por que \u00e9 importante usar tintas espec\u00edficas e de alta qualidade para impressoras de tanque? <\/h2>\t\t\t\t<\/div>\n\t\t\t\t<\/div>\n\t\t\t\t<div class=\"elementor-element elementor-element-649cebd elementor-widget elementor-widget-text-editor\" data-id=\"649cebd\" data-element_type=\"widget\" data-widget_type=\"text-editor.default\">\n\t\t\t\t<div class=\"elementor-widget-container\">\n\t\t\t\t\t\t\t\t\t<p><span lang=\"PT-BR\">Usar tintas de alta qualidade espec\u00edficas para cada modelo de impressora de tanque garante o bom funcionamento do equipamento, evita entupimentos e danos, e assegura impress\u00f5es de alta qualidade e duradouras. Tintas inadequadas podem comprometer a qualidade de impress\u00e3o e danificar a impressora.<\/span><\/p>\t\t\t\t\t\t\t\t<\/div>\n\t\t\t\t<\/div>\n\t\t\t\t<\/div>\n\t\t\t\t<\/div>\n\t\t\t\t<\/div>\n\t\t","protected":false},"excerpt":{"rendered":"<p>faq &#8211; perguntas frequentes Manuten\u00e7\u00e3o de Impressoras 1. Por que devo realizar a manuten\u00e7\u00e3o preventiva da minha impressora? A manuten\u00e7\u00e3o preventiva \u00e9 crucial para prolongar a vida \u00fatil da sua impressora, evitar falhas inesperadas e garantir a qualidade das impress\u00f5es. Ela inclui a revis\u00e3o, limpeza, lubrifica\u00e7\u00e3o e ajustes mec\u00e2nicos, prevenindo problemas que poderiam causar interrup\u00e7\u00f5es [&hellip;]<\/p>\n","protected":false},"author":1,"featured_media":0,"parent":0,"menu_order":0,"comment_status":"closed","ping_status":"closed","template":"elementor_canvas","meta":{"footnotes":""},"class_list":["post-314","page","type-page","status-publish","hentry"],"_links":{"self":[{"href":"http:\/\/remanus.com.br\/index.php\/wp-json\/wp\/v2\/pages\/314","targetHints":{"allow":["GET"]}}],"collection":[{"href":"http:\/\/remanus.com.br\/index.php\/wp-json\/wp\/v2\/pages"}],"about":[{"href":"http:\/\/remanus.com.br\/index.php\/wp-json\/wp\/v2\/types\/page"}],"author":[{"embeddable":true,"href":"http:\/\/remanus.com.br\/index.php\/wp-json\/wp\/v2\/users\/1"}],"replies":[{"embeddable":true,"href":"http:\/\/remanus.com.br\/index.php\/wp-json\/wp\/v2\/comments?post=314"}],"version-history":[{"count":26,"href":"http:\/\/remanus.com.br\/index.php\/wp-json\/wp\/v2\/pages\/314\/revisions"}],"predecessor-version":[{"id":545,"href":"http:\/\/remanus.com.br\/index.php\/wp-json\/wp\/v2\/pages\/314\/revisions\/545"}],"wp:attachment":[{"href":"http:\/\/remanus.com.br\/index.php\/wp-json\/wp\/v2\/media?parent=314"}],"curies":[{"name":"wp","href":"https:\/\/api.w.org\/{rel}","templated":true}]}}