{"id":418,"date":"2024-07-02T21:27:53","date_gmt":"2024-07-02T21:27:53","guid":{"rendered":"http:\/\/remanus.com.br\/?page_id=418"},"modified":"2024-07-17T04:03:12","modified_gmt":"2024-07-17T04:03:12","slug":"tintas","status":"publish","type":"page","link":"http:\/\/remanus.com.br\/index.php\/tintas\/","title":{"rendered":"Tintas"},"content":{"rendered":"\t\t<div data-elementor-type=\"wp-page\" data-elementor-id=\"418\" class=\"elementor elementor-418\" data-elementor-post-type=\"page\">\n\t\t\t\t<div class=\"elementor-element elementor-element-8494330 e-con-full e-flex e-con e-parent\" data-id=\"8494330\" data-element_type=\"container\" data-settings=\"{&quot;background_background&quot;:&quot;classic&quot;}\">\n\t\t<div class=\"elementor-element elementor-element-043a471 e-con-full e-flex e-con e-child\" data-id=\"043a471\" data-element_type=\"container\">\n\t\t\t\t<div class=\"elementor-element elementor-element-1d0da36 premium-title-gradient-yes premium-title-flex-start premium-title-color elementor-widget elementor-widget-premium-addon-title\" data-id=\"1d0da36\" data-element_type=\"widget\" data-widget_type=\"premium-addon-title.default\">\n\t\t\t\t<div class=\"elementor-widget-container\">\n\t\t\t\t\t\r\n\t\t<div class=\"premium-title-container style3\">\r\n\t\t\t<h2 class=\"premium-title-header premium-title-style3\">\r\n\t\t\t\t\r\n\t\t\t\t\r\n\t\t\t\t\t\t\t\t\t\t\t\t<span class=\"premium-title-text\" >\r\n\t\t\t\t\tTintas\t\t\t\t<\/span>\r\n\t\t\t\t\t\r\n\t\t\t\t\t\t\t\t\t\t\t<\/h2>\r\n\t\t<\/div>\r\n\r\n\t\t\t\t\t\t<\/div>\n\t\t\t\t<\/div>\n\t\t\t\t<div class=\"elementor-element elementor-element-b730218 elementor-widget elementor-widget-heading\" data-id=\"b730218\" data-element_type=\"widget\" id=\"tintas\" data-widget_type=\"heading.default\">\n\t\t\t\t<div class=\"elementor-widget-container\">\n\t\t\t\t\t<h2 class=\"elementor-heading-title elementor-size-default\">Refil de Tintas para Impressoras de Tanque<\/h2>\t\t\t\t<\/div>\n\t\t\t\t<\/div>\n\t\t\t\t<div class=\"elementor-element elementor-element-12370a3 elementor-widget elementor-widget-heading\" data-id=\"12370a3\" data-element_type=\"widget\" data-widget_type=\"heading.default\">\n\t\t\t\t<div class=\"elementor-widget-container\">\n\t\t\t\t\t<h2 class=\"elementor-heading-title elementor-size-default\">Tintas Compat\u00edveis de Alta Qualidade para o Melhor Desempenho<\/h2>\t\t\t\t<\/div>\n\t\t\t\t<\/div>\n\t\t\t\t<div class=\"elementor-element elementor-element-ed1f33a elementor-widget elementor-widget-text-editor\" data-id=\"ed1f33a\" data-element_type=\"widget\" data-widget_type=\"text-editor.default\">\n\t\t\t\t<div class=\"elementor-widget-container\">\n\t\t\t\t\t\t\t\t\t<p>Na Remanu&#8217;s, oferecemos refil de tintas compat\u00edveis de alta qualidade para impressoras de tanque. Nossas tintas s\u00e3o especialmente formuladas para garantir o bom funcionamento da sua impressora, proporcionando impress\u00f5es n\u00edtidas e duradouras.<\/p><p><span style=\"color: #fff100;\"><strong>Aten\u00e7\u00e3o!<\/strong><\/span> A utiliza\u00e7\u00e3o de tintas de baixa qualidade ou inadequadas pode comprometer a qualidade de suas impress\u00f5es e danificar sua impressora. \u00c9 crucial usar tintas espec\u00edficas e de alta qualidade para cada modelo de impressora.<\/p><p><span style=\"color: #fff100;\"><strong>Por que escolher nossos refis de tinta?<\/strong><\/span><\/p><ul><li><span style=\"color: #fff100;\"><strong>Qualidade Superior<\/strong>:<\/span> Nossas tintas compat\u00edveis s\u00e3o desenvolvidas para oferecer a mesma qualidade de impress\u00e3o que as tintas originais.<\/li><li><span style=\"color: #fff100;\"><strong>Alta Compatibilidade<\/strong>:<\/span> Projetadas para serem totalmente compat\u00edveis com uma ampla gama de modelos de impressoras de tanque.<\/li><li><span style=\"color: #fff100;\"><strong>\u00d3timos Pre\u00e7os<\/strong>:<\/span> Fornecemos refis de tinta de alta performance a pre\u00e7os competitivos, garantindo um excelente custo-benef\u00edcio.<\/li><\/ul><p>Para encontrar o refil de tinta ideal para sua impressora de tanque, consulte o modelo espec\u00edfico entrando em contato conosco. Nossa equipe est\u00e1 pronta para ajudar voc\u00ea a escolher a melhor tinta para suas necessidades de impress\u00e3o.<\/p>\t\t\t\t\t\t\t\t<\/div>\n\t\t\t\t<\/div>\n\t\t<div class=\"elementor-element elementor-element-e6ee5b7 e-flex e-con-boxed e-con e-child\" data-id=\"e6ee5b7\" data-element_type=\"container\">\n\t\t\t\t\t<div class=\"e-con-inner\">\n\t\t\t\t<div class=\"elementor-element elementor-element-837fd28 elementor-view-stacked elementor-widget__width-initial elementor-widget-mobile__width-initial elementor-hidden-mobile elementor-shape-circle elementor-widget elementor-widget-icon\" data-id=\"837fd28\" data-element_type=\"widget\" data-widget_type=\"icon.default\">\n\t\t\t\t<div class=\"elementor-widget-container\">\n\t\t\t\t\t\t\t<div class=\"elementor-icon-wrapper\">\n\t\t\t<a class=\"elementor-icon\" href=\"https:\/\/api.whatsapp.com\/send?phone=5511997720990\" target=\"_blank\">\n\t\t\t<svg aria-hidden=\"true\" class=\"e-font-icon-svg e-fab-whatsapp\" viewBox=\"0 0 448 512\" xmlns=\"http:\/\/www.w3.org\/2000\/svg\"><path d=\"M380.9 97.1C339 55.1 283.2 32 223.9 32c-122.4 0-222 99.6-222 222 0 39.1 10.2 77.3 29.6 111L0 480l117.7-30.9c32.4 17.7 68.9 27 106.1 27h.1c122.3 0 224.1-99.6 224.1-222 0-59.3-25.2-115-67.1-157zm-157 341.6c-33.2 0-65.7-8.9-94-25.7l-6.7-4-69.8 18.3L72 359.2l-4.4-7c-18.5-29.4-28.2-63.3-28.2-98.2 0-101.7 82.8-184.5 184.6-184.5 49.3 0 95.6 19.2 130.4 54.1 34.8 34.9 56.2 81.2 56.1 130.5 0 101.8-84.9 184.6-186.6 184.6zm101.2-138.2c-5.5-2.8-32.8-16.2-37.9-18-5.1-1.9-8.8-2.8-12.5 2.8-3.7 5.6-14.3 18-17.6 21.8-3.2 3.7-6.5 4.2-12 1.4-32.6-16.3-54-29.1-75.5-66-5.7-9.8 5.7-9.1 16.3-30.3 1.8-3.7.9-6.9-.5-9.7-1.4-2.8-12.5-30.1-17.1-41.2-4.5-10.8-9.1-9.3-12.5-9.5-3.2-.2-6.9-.2-10.6-.2-3.7 0-9.7 1.4-14.8 6.9-5.1 5.6-19.4 19-19.4 46.3 0 27.3 19.9 53.7 22.6 57.4 2.8 3.7 39.1 59.7 94.8 83.8 35.2 15.2 49 16.5 66.6 13.9 10.7-1.6 32.8-13.4 37.4-26.4 4.6-13 4.6-24.1 3.2-26.4-1.3-2.5-5-3.9-10.5-6.6z\"><\/path><\/svg>\t\t\t<\/a>\n\t\t<\/div>\n\t\t\t\t\t\t<\/div>\n\t\t\t\t<\/div>\n\t\t\t\t<div class=\"elementor-element elementor-element-f267dd2 elementor-widget__width-initial elementor-widget elementor-widget-premium-addon-title\" data-id=\"f267dd2\" data-element_type=\"widget\" data-widget_type=\"premium-addon-title.default\">\n\t\t\t\t<div class=\"elementor-widget-container\">\n\t\t\t\t\t\r\n\t\t<div class=\"premium-title-container style9\">\r\n\t\t\t<h2 class=\"premium-title-header premium-title-style9\" data-blur-delay=\"8\">\r\n\t\t\t\t\r\n\t\t\t\t\r\n\t\t\t\t\t\t\t\t<span><span class=\"premium-title-style9-letter\" data-letter-index=\"1\" data-letter=\"E\">E<\/span><span class=\"premium-title-style9-letter\" data-letter-index=\"2\" data-letter=\"n\">n<\/span><span class=\"premium-title-style9-letter\" data-letter-index=\"3\" data-letter=\"t\">t<\/span><span class=\"premium-title-style9-letter\" data-letter-index=\"4\" data-letter=\"r\">r<\/span><span class=\"premium-title-style9-letter\" data-letter-index=\"5\" data-letter=\"e\">e<\/span><span class=\"premium-title-style9-letter\" data-letter-index=\"6\" data-letter=\" \"> <\/span><span class=\"premium-title-style9-letter\" data-letter-index=\"7\" data-letter=\"e\">e<\/span><span class=\"premium-title-style9-letter\" data-letter-index=\"8\" data-letter=\"m\">m<\/span><span class=\"premium-title-style9-letter\" data-letter-index=\"9\" data-letter=\" \"> <\/span><span class=\"premium-title-style9-letter\" data-letter-index=\"10\" data-letter=\"c\">c<\/span><span class=\"premium-title-style9-letter\" data-letter-index=\"11\" data-letter=\"o\">o<\/span><span class=\"premium-title-style9-letter\" data-letter-index=\"12\" data-letter=\"n\">n<\/span><span class=\"premium-title-style9-letter\" data-letter-index=\"13\" data-letter=\"t\">t<\/span><span class=\"premium-title-style9-letter\" data-letter-index=\"14\" data-letter=\"a\">a<\/span><span class=\"premium-title-style9-letter\" data-letter-index=\"15\" data-letter=\"t\">t<\/span><span class=\"premium-title-style9-letter\" data-letter-index=\"16\" data-letter=\"o\">o<\/span><span class=\"premium-title-style9-letter\" data-letter-index=\"17\" data-letter=\" \"> <\/span><span class=\"premium-title-style9-letter\" data-letter-index=\"18\" data-letter=\"c\">c<\/span><span class=\"premium-title-style9-letter\" data-letter-index=\"19\" data-letter=\"o\">o<\/span><span class=\"premium-title-style9-letter\" data-letter-index=\"20\" data-letter=\"n\">n<\/span><span class=\"premium-title-style9-letter\" data-letter-index=\"21\" data-letter=\"o\">o<\/span><span class=\"premium-title-style9-letter\" data-letter-index=\"22\" data-letter=\"s\">s<\/span><span class=\"premium-title-style9-letter\" data-letter-index=\"23\" data-letter=\"c\">c<\/span><span class=\"premium-title-style9-letter\" data-letter-index=\"24\" data-letter=\"o\">o<\/span><span class=\"premium-title-style9-letter\" data-letter-index=\"25\" data-letter=\" \"> <\/span><span class=\"premium-title-style9-letter\" data-letter-index=\"26\" data-letter=\"h\">h<\/span><span class=\"premium-title-style9-letter\" data-letter-index=\"27\" data-letter=\"o\">o<\/span><span class=\"premium-title-style9-letter\" data-letter-index=\"28\" data-letter=\"j\">j<\/span><span class=\"premium-title-style9-letter\" data-letter-index=\"29\" data-letter=\"e\">e<\/span><span class=\"premium-title-style9-letter\" data-letter-index=\"30\" data-letter=\" \"> <\/span><span class=\"premium-title-style9-letter\" data-letter-index=\"31\" data-letter=\"m\">m<\/span><span class=\"premium-title-style9-letter\" data-letter-index=\"32\" data-letter=\"e\">e<\/span><span class=\"premium-title-style9-letter\" data-letter-index=\"33\" data-letter=\"s\">s<\/span><span class=\"premium-title-style9-letter\" data-letter-index=\"34\" data-letter=\"m\">m<\/span><span class=\"premium-title-style9-letter\" data-letter-index=\"35\" data-letter=\"o\">o<\/span><span class=\"premium-title-style9-letter\" data-letter-index=\"36\" data-letter=\" \"> <\/span><span class=\"premium-title-style9-letter\" data-letter-index=\"37\" data-letter=\"e\">e<\/span><span class=\"premium-title-style9-letter\" data-letter-index=\"38\" data-letter=\" \"> <\/span><span class=\"premium-title-style9-letter\" data-letter-index=\"39\" data-letter=\"d\">d<\/span><span class=\"premium-title-style9-letter\" data-letter-index=\"40\" data-letter=\"e\">e<\/span><span class=\"premium-title-style9-letter\" data-letter-index=\"41\" data-letter=\"s\">s<\/span><span class=\"premium-title-style9-letter\" data-letter-index=\"42\" data-letter=\"c\">c<\/span><span class=\"premium-title-style9-letter\" data-letter-index=\"43\" data-letter=\"u\">u<\/span><span class=\"premium-title-style9-letter\" data-letter-index=\"44\" data-letter=\"b\">b<\/span><span class=\"premium-title-style9-letter\" data-letter-index=\"45\" data-letter=\"r\">r<\/span><span class=\"premium-title-style9-letter\" data-letter-index=\"46\" data-letter=\"a\">a<\/span><span class=\"premium-title-style9-letter\" data-letter-index=\"47\" data-letter=\" \"> <\/span><span class=\"premium-title-style9-letter\" data-letter-index=\"48\" data-letter=\"c\">c<\/span><span class=\"premium-title-style9-letter\" data-letter-index=\"49\" data-letter=\"o\">o<\/span><span class=\"premium-title-style9-letter\" data-letter-index=\"50\" data-letter=\"m\">m<\/span><span class=\"premium-title-style9-letter\" data-letter-index=\"51\" data-letter=\"o\">o<\/span><span class=\"premium-title-style9-letter\" data-letter-index=\"52\" data-letter=\" \"> <\/span><span class=\"premium-title-style9-letter\" data-letter-index=\"53\" data-letter=\"n\">n<\/span><span class=\"premium-title-style9-letter\" data-letter-index=\"54\" data-letter=\"o\">o<\/span><span class=\"premium-title-style9-letter\" data-letter-index=\"55\" data-letter=\"s\">s<\/span><span class=\"premium-title-style9-letter\" data-letter-index=\"56\" data-letter=\"s\">s<\/span><span class=\"premium-title-style9-letter\" data-letter-index=\"57\" data-letter=\"o\">o<\/span><span class=\"premium-title-style9-letter\" data-letter-index=\"58\" data-letter=\"s\">s<\/span><span class=\"premium-title-style9-letter\" data-letter-index=\"59\" data-letter=\" \"> <\/span><span class=\"premium-title-style9-letter\" data-letter-index=\"60\" data-letter=\"t\">t<\/span><span class=\"premium-title-style9-letter\" data-letter-index=\"61\" data-letter=\"o\">o<\/span><span class=\"premium-title-style9-letter\" data-letter-index=\"62\" data-letter=\"n\">n<\/span><span class=\"premium-title-style9-letter\" data-letter-index=\"63\" data-letter=\"e\">e<\/span><span class=\"premium-title-style9-letter\" data-letter-index=\"64\" data-letter=\"r\">r<\/span><span class=\"premium-title-style9-letter\" data-letter-index=\"65\" data-letter=\"s\">s<\/span><span class=\"premium-title-style9-letter\" data-letter-index=\"66\" data-letter=\" \"> <\/span><span class=\"premium-title-style9-letter\" data-letter-index=\"67\" data-letter=\"c\">c<\/span><span class=\"premium-title-style9-letter\" data-letter-index=\"68\" data-letter=\"o\">o<\/span><span class=\"premium-title-style9-letter\" data-letter-index=\"69\" data-letter=\"m\">m<\/span><span class=\"premium-title-style9-letter\" data-letter-index=\"70\" data-letter=\"p\">p<\/span><span class=\"premium-title-style9-letter\" data-letter-index=\"71\" data-letter=\"a\">a<\/span><span class=\"premium-title-style9-letter\" data-letter-index=\"72\" data-letter=\"t\">t<\/span><span class=\"premium-title-style9-letter\" data-letter-index=\"73\" data-letter=\"\u00ed\">\u00ed<\/span><span class=\"premium-title-style9-letter\" data-letter-index=\"74\" data-letter=\"v\">v<\/span><span class=\"premium-title-style9-letter\" data-letter-index=\"75\" data-letter=\"e\">e<\/span><span class=\"premium-title-style9-letter\" data-letter-index=\"76\" data-letter=\"i\">i<\/span><span class=\"premium-title-style9-letter\" data-letter-index=\"77\" data-letter=\"s\">s<\/span><span class=\"premium-title-style9-letter\" data-letter-index=\"78\" data-letter=\" \"> <\/span><span class=\"premium-title-style9-letter\" data-letter-index=\"79\" data-letter=\"p\">p<\/span><span class=\"premium-title-style9-letter\" data-letter-index=\"80\" data-letter=\"o\">o<\/span><span class=\"premium-title-style9-letter\" data-letter-index=\"81\" data-letter=\"d\">d<\/span><span class=\"premium-title-style9-letter\" data-letter-index=\"82\" data-letter=\"e\">e<\/span><span class=\"premium-title-style9-letter\" data-letter-index=\"83\" data-letter=\"m\">m<\/span><span class=\"premium-title-style9-letter\" data-letter-index=\"84\" data-letter=\" \"> <\/span><span class=\"premium-title-style9-letter\" data-letter-index=\"85\" data-letter=\"m\">m<\/span><span class=\"premium-title-style9-letter\" data-letter-index=\"86\" data-letter=\"e\">e<\/span><span class=\"premium-title-style9-letter\" data-letter-index=\"87\" data-letter=\"l\">l<\/span><span class=\"premium-title-style9-letter\" data-letter-index=\"88\" data-letter=\"h\">h<\/span><span class=\"premium-title-style9-letter\" data-letter-index=\"89\" data-letter=\"o\">o<\/span><span class=\"premium-title-style9-letter\" data-letter-index=\"90\" data-letter=\"r\">r<\/span><span class=\"premium-title-style9-letter\" data-letter-index=\"91\" data-letter=\"a\">a<\/span><span class=\"premium-title-style9-letter\" data-letter-index=\"92\" data-letter=\"r\">r<\/span><span class=\"premium-title-style9-letter\" data-letter-index=\"93\" data-letter=\" \"> <\/span><span class=\"premium-title-style9-letter\" data-letter-index=\"94\" data-letter=\"a\">a<\/span><span class=\"premium-title-style9-letter\" data-letter-index=\"95\" data-letter=\" \"> <\/span><span class=\"premium-title-style9-letter\" data-letter-index=\"96\" data-letter=\"e\">e<\/span><span class=\"premium-title-style9-letter\" data-letter-index=\"97\" data-letter=\"f\">f<\/span><span class=\"premium-title-style9-letter\" data-letter-index=\"98\" data-letter=\"i\">i<\/span><span class=\"premium-title-style9-letter\" data-letter-index=\"99\" data-letter=\"c\">c<\/span><span class=\"premium-title-style9-letter\" data-letter-index=\"100\" data-letter=\"i\">i<\/span><span class=\"premium-title-style9-letter\" data-letter-index=\"101\" data-letter=\"\u00ea\">\u00ea<\/span><span class=\"premium-title-style9-letter\" data-letter-index=\"102\" data-letter=\"n\">n<\/span><span class=\"premium-title-style9-letter\" data-letter-index=\"103\" data-letter=\"c\">c<\/span><span class=\"premium-title-style9-letter\" data-letter-index=\"104\" data-letter=\"i\">i<\/span><span class=\"premium-title-style9-letter\" data-letter-index=\"105\" data-letter=\"a\">a<\/span><span class=\"premium-title-style9-letter\" data-letter-index=\"106\" data-letter=\" \"> <\/span><span class=\"premium-title-style9-letter\" data-letter-index=\"107\" data-letter=\"e\">e<\/span><span class=\"premium-title-style9-letter\" data-letter-index=\"108\" data-letter=\" \"> <\/span><span class=\"premium-title-style9-letter\" data-letter-index=\"109\" data-letter=\"a\">a<\/span><span class=\"premium-title-style9-letter\" data-letter-index=\"110\" data-letter=\" \"> <\/span><span class=\"premium-title-style9-letter\" data-letter-index=\"111\" data-letter=\"e\">e<\/span><span class=\"premium-title-style9-letter\" data-letter-index=\"112\" data-letter=\"c\">c<\/span><span class=\"premium-title-style9-letter\" data-letter-index=\"113\" data-letter=\"o\">o<\/span><span class=\"premium-title-style9-letter\" data-letter-index=\"114\" data-letter=\"n\">n<\/span><span class=\"premium-title-style9-letter\" data-letter-index=\"115\" data-letter=\"o\">o<\/span><span class=\"premium-title-style9-letter\" data-letter-index=\"116\" data-letter=\"m\">m<\/span><span class=\"premium-title-style9-letter\" data-letter-index=\"117\" data-letter=\"i\">i<\/span><span class=\"premium-title-style9-letter\" data-letter-index=\"118\" data-letter=\"a\">a<\/span><span class=\"premium-title-style9-letter\" data-letter-index=\"119\" data-letter=\" \"> <\/span><span class=\"premium-title-style9-letter\" data-letter-index=\"120\" data-letter=\"d\">d<\/span><span class=\"premium-title-style9-letter\" data-letter-index=\"121\" data-letter=\"o\">o<\/span><span class=\"premium-title-style9-letter\" data-letter-index=\"122\" data-letter=\" \"> <\/span><span class=\"premium-title-style9-letter\" data-letter-index=\"123\" data-letter=\"s\">s<\/span><span class=\"premium-title-style9-letter\" data-letter-index=\"124\" data-letter=\"e\">e<\/span><span class=\"premium-title-style9-letter\" data-letter-index=\"125\" data-letter=\"u\">u<\/span><span class=\"premium-title-style9-letter\" data-letter-index=\"126\" data-letter=\" \"> <\/span><span class=\"premium-title-style9-letter\" data-letter-index=\"127\" data-letter=\"n\">n<\/span><span class=\"premium-title-style9-letter\" data-letter-index=\"128\" data-letter=\"e\">e<\/span><span class=\"premium-title-style9-letter\" data-letter-index=\"129\" data-letter=\"g\">g<\/span><span class=\"premium-title-style9-letter\" data-letter-index=\"130\" data-letter=\"\u00f3\">\u00f3<\/span><span class=\"premium-title-style9-letter\" data-letter-index=\"131\" data-letter=\"c\">c<\/span><span class=\"premium-title-style9-letter\" data-letter-index=\"132\" data-letter=\"i\">i<\/span><span class=\"premium-title-style9-letter\" data-letter-index=\"133\" data-letter=\"o\">o<\/span><span class=\"premium-title-style9-letter\" data-letter-index=\"134\" data-letter=\"!\">!<\/span><\/span>\t\t\t\t\r\n\t\t\t\t\t\t\t\t\t\t\t<\/h2>\r\n\t\t<\/div>\r\n\r\n\t\t\t\t\t\t<\/div>\n\t\t\t\t<\/div>\n\t\t\t\t\t<\/div>\n\t\t\t\t<\/div>\n\t\t\t\t<div class=\"elementor-element elementor-element-784d861 elementor-hidden-desktop elementor-hidden-tablet elementor-widget elementor-widget-eael-creative-button\" data-id=\"784d861\" data-element_type=\"widget\" data-widget_type=\"eael-creative-button.default\">\n\t\t\t\t<div class=\"elementor-widget-container\">\n\t\t\t\t\t        <div class=\"eael-creative-button-wrapper\">\n\n            <a class=\"eael-creative-button eael-creative-button--default\" href=\"https:\/\/api.whatsapp.com\/send?phone=5511997720990\" target=\"_blank\" data-text=\"\">\n\n\t    \n                <div class=\"creative-button-inner\">\n\n                                            <span class=\"eael-creative-button-icon-left\"><svg aria-hidden=\"true\" class=\"e-font-icon-svg e-fab-whatsapp\" viewBox=\"0 0 448 512\" xmlns=\"http:\/\/www.w3.org\/2000\/svg\"><path d=\"M380.9 97.1C339 55.1 283.2 32 223.9 32c-122.4 0-222 99.6-222 222 0 39.1 10.2 77.3 29.6 111L0 480l117.7-30.9c32.4 17.7 68.9 27 106.1 27h.1c122.3 0 224.1-99.6 224.1-222 0-59.3-25.2-115-67.1-157zm-157 341.6c-33.2 0-65.7-8.9-94-25.7l-6.7-4-69.8 18.3L72 359.2l-4.4-7c-18.5-29.4-28.2-63.3-28.2-98.2 0-101.7 82.8-184.5 184.6-184.5 49.3 0 95.6 19.2 130.4 54.1 34.8 34.9 56.2 81.2 56.1 130.5 0 101.8-84.9 184.6-186.6 184.6zm101.2-138.2c-5.5-2.8-32.8-16.2-37.9-18-5.1-1.9-8.8-2.8-12.5 2.8-3.7 5.6-14.3 18-17.6 21.8-3.2 3.7-6.5 4.2-12 1.4-32.6-16.3-54-29.1-75.5-66-5.7-9.8 5.7-9.1 16.3-30.3 1.8-3.7.9-6.9-.5-9.7-1.4-2.8-12.5-30.1-17.1-41.2-4.5-10.8-9.1-9.3-12.5-9.5-3.2-.2-6.9-.2-10.6-.2-3.7 0-9.7 1.4-14.8 6.9-5.1 5.6-19.4 19-19.4 46.3 0 27.3 19.9 53.7 22.6 57.4 2.8 3.7 39.1 59.7 94.8 83.8 35.2 15.2 49 16.5 66.6 13.9 10.7-1.6 32.8-13.4 37.4-26.4 4.6-13 4.6-24.1 3.2-26.4-1.3-2.5-5-3.9-10.5-6.6z\"><\/path><\/svg><\/span>                    \n                    <span class=\"cretive-button-text\"><\/span>\n\n                                    <\/div>\n\t                        <\/a>\n        <\/div>\n\t\t\t\t<\/div>\n\t\t\t\t<\/div>\n\t\t\t\t<\/div>\n\t\t\t\t<\/div>\n\t\t\t\t<\/div>\n\t\t","protected":false},"excerpt":{"rendered":"<p>Tintas Refil de Tintas para Impressoras de Tanque Tintas Compat\u00edveis de Alta Qualidade para o Melhor Desempenho Na Remanu&#8217;s, oferecemos refil de tintas compat\u00edveis de alta qualidade para impressoras de tanque. Nossas tintas s\u00e3o especialmente formuladas para garantir o bom funcionamento da sua impressora, proporcionando impress\u00f5es n\u00edtidas e duradouras. Aten\u00e7\u00e3o! A utiliza\u00e7\u00e3o de tintas de [&hellip;]<\/p>\n","protected":false},"author":1,"featured_media":0,"parent":0,"menu_order":0,"comment_status":"closed","ping_status":"closed","template":"elementor_canvas","meta":{"footnotes":""},"class_list":["post-418","page","type-page","status-publish","hentry"],"_links":{"self":[{"href":"http:\/\/remanus.com.br\/index.php\/wp-json\/wp\/v2\/pages\/418","targetHints":{"allow":["GET"]}}],"collection":[{"href":"http:\/\/remanus.com.br\/index.php\/wp-json\/wp\/v2\/pages"}],"about":[{"href":"http:\/\/remanus.com.br\/index.php\/wp-json\/wp\/v2\/types\/page"}],"author":[{"embeddable":true,"href":"http:\/\/remanus.com.br\/index.php\/wp-json\/wp\/v2\/users\/1"}],"replies":[{"embeddable":true,"href":"http:\/\/remanus.com.br\/index.php\/wp-json\/wp\/v2\/comments?post=418"}],"version-history":[{"count":13,"href":"http:\/\/remanus.com.br\/index.php\/wp-json\/wp\/v2\/pages\/418\/revisions"}],"predecessor-version":[{"id":590,"href":"http:\/\/remanus.com.br\/index.php\/wp-json\/wp\/v2\/pages\/418\/revisions\/590"}],"wp:attachment":[{"href":"http:\/\/remanus.com.br\/index.php\/wp-json\/wp\/v2\/media?parent=418"}],"curies":[{"name":"wp","href":"https:\/\/api.w.org\/{rel}","templated":true}]}}